{"id":1144,"date":"2019-02-10T15:52:07","date_gmt":"2019-02-10T14:52:07","guid":{"rendered":"https:\/\/ftw.kodlogy.net\/impressum\/"},"modified":"2024-11-11T18:30:26","modified_gmt":"2024-11-11T17:30:26","slug":"imprint","status":"publish","type":"page","link":"https:\/\/www.flughafen-taxi.wien\/en\/imprint\/","title":{"rendered":"Imprint"},"content":{"rendered":"\t\t<div data-elementor-type=\"wp-post\" data-elementor-id=\"1144\" class=\"elementor elementor-1144 elementor-1113\" data-elementor-post-type=\"page\">\n\t\t\t\t\t\t<section class=\"elementor-section elementor-top-section elementor-element elementor-element-1a90d82 elementor-section-boxed elementor-section-height-default elementor-section-height-default\" data-id=\"1a90d82\" data-element_type=\"section\" data-settings=\"{&quot;background_background&quot;:&quot;classic&quot;}\">\n\t\t\t\t\t\t\t<div class=\"elementor-background-overlay\"><\/div>\n\t\t\t\t\t\t\t<div class=\"elementor-container elementor-column-gap-default\">\n\t\t\t\t\t<div class=\"elementor-column elementor-col-100 elementor-top-column elementor-element elementor-element-08069d2\" data-id=\"08069d2\" data-element_type=\"column\">\n\t\t\t<div class=\"elementor-widget-wrap elementor-element-populated\">\n\t\t\t\t\t\t<div class=\"elementor-element elementor-element-d8e1885 elementor-widget elementor-widget-heading\" data-id=\"d8e1885\" data-element_type=\"widget\" data-widget_type=\"heading.default\">\n\t\t\t\t<div class=\"elementor-widget-container\">\n\t\t\t<h1 class=\"elementor-heading-title elementor-size-default\">Impressum<\/h1>\t\t<\/div>\n\t\t\t\t<\/div>\n\t\t\t\t<div class=\"elementor-element elementor-element-5d67888 elementor-widget-divider--view-line elementor-widget elementor-widget-divider\" data-id=\"5d67888\" data-element_type=\"widget\" data-widget_type=\"divider.default\">\n\t\t\t\t<div class=\"elementor-widget-container\">\n\t\t\t\t\t<div class=\"elementor-divider\">\n\t\t\t<span class=\"elementor-divider-separator\">\n\t\t\t\t\t\t<\/span>\n\t\t<\/div>\n\t\t\t\t<\/div>\n\t\t\t\t<\/div>\n\t\t\t\t\t<\/div>\n\t\t<\/div>\n\t\t\t\t\t<\/div>\n\t\t<\/section>\n\t\t\t\t<section class=\"elementor-section elementor-top-section elementor-element elementor-element-756c752 elementor-section-boxed elementor-section-height-default elementor-section-height-default\" data-id=\"756c752\" data-element_type=\"section\">\n\t\t\t\t\t\t<div class=\"elementor-container elementor-column-gap-default\">\n\t\t\t\t\t<div class=\"elementor-column elementor-col-100 elementor-top-column elementor-element elementor-element-14d8b9a\" data-id=\"14d8b9a\" data-element_type=\"column\">\n\t\t\t<div class=\"elementor-widget-wrap elementor-element-populated\">\n\t\t\t\t\t\t<div class=\"elementor-element elementor-element-aca423b elementor-widget elementor-widget-heading\" data-id=\"aca423b\" data-element_type=\"widget\" data-widget_type=\"heading.default\">\n\t\t\t\t<div class=\"elementor-widget-container\">\n\t\t\t<h2 class=\"elementor-heading-title elementor-size-default\">Impressum<\/h2>\t\t<\/div>\n\t\t\t\t<\/div>\n\t\t\t\t<div class=\"elementor-element elementor-element-a8004b9 elementor-widget elementor-widget-text-editor\" data-id=\"a8004b9\" data-element_type=\"widget\" data-widget_type=\"text-editor.default\">\n\t\t\t\t<div class=\"elementor-widget-container\">\n\t\t\t\t\t\t\t<p><strong>Personenbef\u00f6rderung mit PKW \u2013 Taxi<\/strong><br \/>Engerthstra\u00dfe 99<br \/>1200-Wien<\/p>\n<p><span style=\"vertical-align: inherit;\"><span style=\"vertical-align: inherit;\"><span style=\"vertical-align: inherit;\"><span style=\"vertical-align: inherit;\">E-Mail:\u00a0 <\/span><\/span><\/span><\/span><a href=\"mailto:bestellung@airport-taxi-wien.wien\"><span style=\"vertical-align: inherit;\"><span style=\"vertical-align: inherit;\"><span style=\"vertical-align: inherit;\"><span style=\"vertical-align: inherit;\">bestellung@airport-taxi-wien.wien<\/span><\/span><\/span><\/span><\/a><\/p>\n<p><span style=\"vertical-align: inherit;\"><span style=\"vertical-align: inherit;\"><span style=\"vertical-align: inherit;\"><span style=\"vertical-align: inherit;\">Tel.:+43667 449 31 10<\/span><\/span><\/span><\/span><\/p>\n\t\t\t\t\t\t<\/div>\n\t\t\t\t<\/div>\n\t\t\t\t<div class=\"elementor-element elementor-element-f8c8027 elementor-widget elementor-widget-heading\" data-id=\"f8c8027\" data-element_type=\"widget\" data-widget_type=\"heading.default\">\n\t\t\t\t<div class=\"elementor-widget-container\">\n\t\t\t<h4 class=\"elementor-heading-title elementor-size-default\">Allgemeine Gesch\u00e4ftsbedingungen<\/h4>\t\t<\/div>\n\t\t\t\t<\/div>\n\t\t\t\t<div class=\"elementor-element elementor-element-872e867 elementor-widget elementor-widget-text-editor\" data-id=\"872e867\" data-element_type=\"widget\" data-widget_type=\"text-editor.default\">\n\t\t\t\t<div class=\"elementor-widget-container\">\n\t\t\t\t\t\t\t<p><strong>Flughafen-taxi.wien<\/strong> erbringt Dienstleistungen aufgrund der nachfolgenden AGB, der Leistungsbeschreibungen und der Preislisten. Abweichende Gesch\u00e4ftsbedingungen gelten nicht, auch wenn <strong>Flughafen-taxi.wien<\/strong> Ihnen nicht ausdr\u00fccklich widerspricht. Abweichungen von diesen Bedingungen bed\u00fcrfen der ausdr\u00fccklichen schriftlichen Anerkennung von <strong>Flughafen-taxi.wien. <\/strong>Ein Vertrag kommt nur zustande, wenn dieser von Flughafentaxi25 best\u00e4tigt wird.<\/p>\n\t\t\t\t\t\t<\/div>\n\t\t\t\t<\/div>\n\t\t\t\t<div class=\"elementor-element elementor-element-7758124 elementor-widget elementor-widget-heading\" data-id=\"7758124\" data-element_type=\"widget\" data-widget_type=\"heading.default\">\n\t\t\t\t<div class=\"elementor-widget-container\">\n\t\t\t<h4 class=\"elementor-heading-title elementor-size-default\">Leistungsumfang<\/h4>\t\t<\/div>\n\t\t\t\t<\/div>\n\t\t\t\t<div class=\"elementor-element elementor-element-3bf8564 elementor-widget elementor-widget-text-editor\" data-id=\"3bf8564\" data-element_type=\"widget\" data-widget_type=\"text-editor.default\">\n\t\t\t\t<div class=\"elementor-widget-container\">\n\t\t\t\t\t\t\t<p>Der Leistungsumfang bestimmt sich ausschlie\u00dflich nach der schriftlichen oder telefonischen Auftragsbest\u00e4tigung seitens\u00a0<strong>Flughafen-taxi.wien<\/strong>. In Preislisten und \u00e4hnlichen Informationen enthaltenen Angaben sind nur insoweit verbindlich, als ausdr\u00fccklich aus diese Bezug genommen wird. Die Bef\u00f6rderung erfolgt nach den Vorschriften der StVO und dem PbefG. Die Fahrg\u00e4ste haben sich an Weisungen von\u00a0<strong>Flughafen-taxi.wien<\/strong>\u00a0und dessen Chauffeurs zu halten. Handels G\u00e4sten gegen die Weisungen, oder stellen sich eine Gef\u00e4hrdung nach der StVO, oder der Sicherheit des Stra\u00dfenverkehrs durch Beeintr\u00e4chtigung des Chauffeurs dar, ist\u00a0<strong>Flughafen-taxi.wien<\/strong>\u00a0berechtigt, sie von der Bef\u00f6rderung auszuschlie\u00dfen. In diesem Fall berechnet\u00a0<strong>Flughafen-taxi.wien<\/strong>\u00a0den vollen Fahrpreis einschlie\u00dflich des Fixpreises oder Kilometerpreises und aller Neben- und Sonderleistungen.<\/p>\n\t\t\t\t\t\t<\/div>\n\t\t\t\t<\/div>\n\t\t\t\t<div class=\"elementor-element elementor-element-cb31b08 elementor-widget elementor-widget-heading\" data-id=\"cb31b08\" data-element_type=\"widget\" data-widget_type=\"heading.default\">\n\t\t\t\t<div class=\"elementor-widget-container\">\n\t\t\t<h4 class=\"elementor-heading-title elementor-size-default\">Flughafentransfer<\/h4>\t\t<\/div>\n\t\t\t\t<\/div>\n\t\t\t\t<div class=\"elementor-element elementor-element-aad2ee6 elementor-widget elementor-widget-text-editor\" data-id=\"aad2ee6\" data-element_type=\"widget\" data-widget_type=\"text-editor.default\">\n\t\t\t\t<div class=\"elementor-widget-container\">\n\t\t\t\t\t\t\t<p>Jede \u00c4nderung der vereinbarten Abholzeit, gleich aus welchem Grund, ist\u00a0<strong>Flughafen-taxi.wien<\/strong>\u00a0unverz\u00fcglich mitzuteilen. Sch\u00e4den durch eine nicht unverz\u00fcgliche Mitteilung gehen zu Lasten des Kunden. Der Chauffeur von\u00a0<strong>Flughafen-taxi.wien<\/strong>\u00a0steht zu der vereinbarten Abholzeit am jeweiligen Meetingpoint des Abholterminals am Flughafen, oder dem zuvor schriftlich oder m\u00fcndlich vereinbarten Treffpunkt, mit Namensschild oder Firmenlogo bereit (fr\u00fchere oder sp\u00e4tere Bereitstellung ist bei der Buchung anzugeben) und wartet bis zu 15 Minuten ohne gesonderte Berechnung. Eine Telefonnummer, unter welcher der Fahrgast seinen Chauffeur erreichen kann, ist in dem Best\u00e4tigungsschreiben angegeben. Sollte nach Ablauf der 15 min\u00fctigen Wartezeit kein Kontakt zum Fahrgast oder zum Kunden zustande gekommen sein, tritt der Chauffeur die R\u00fcckfahrt ohne Fahrgast an. Die Leistung von\u00a0<strong>Flughafen-taxi.wien<\/strong>\u00a0gilt dann als erbracht und der volle Fahrpreis wird zur Zahlung f\u00e4llig. Weitere vom Kunden gew\u00fcnschte Wartezeiten werden nach der g\u00fcltigen Preisliste berechnet.<\/p>\n\t\t\t\t\t\t<\/div>\n\t\t\t\t<\/div>\n\t\t\t\t<div class=\"elementor-element elementor-element-c93123b elementor-widget elementor-widget-heading\" data-id=\"c93123b\" data-element_type=\"widget\" data-widget_type=\"heading.default\">\n\t\t\t\t<div class=\"elementor-widget-container\">\n\t\t\t<h4 class=\"elementor-heading-title elementor-size-default\">Preise<\/h4>\t\t<\/div>\n\t\t\t\t<\/div>\n\t\t\t\t<div class=\"elementor-element elementor-element-771f504 elementor-widget elementor-widget-text-editor\" data-id=\"771f504\" data-element_type=\"widget\" data-widget_type=\"text-editor.default\">\n\t\t\t\t<div class=\"elementor-widget-container\">\n\t\t\t\t\t\t\t<p>Die Preise enthalten die gesetzliche Umsatzsteuer in der jeweiligen gesetzlichen H\u00f6he. Es gelten die am Tag der Buchungsbest\u00e4tigung g\u00fcltigen Preise. In der Preisliste nicht angef\u00fchrte Pauschalpreise k\u00f6nnen sowohl schriftlich als auch m\u00fcndlich vereinbart werden und gelten nur f\u00fcr das vereinbarte Fahrdatum und die jeweilige Mietzeit. Dar\u00fcber hinausgehende Zeiten und Entfernungen werden nach der g\u00fcltigen Preisliste berechnet. Mehrkosten durch Verz\u00f6gerungen gehen zu Lasten des Kunden, es sei denn, die Verz\u00f6gerungen beruhen auf einem Verschulden von\u00a0<strong>Flughafen-taxi.wien<\/strong>. Der Fahrpreis beinhaltet die Personenbef\u00f6rderung mit normalem Gep\u00e4ck. Die Mitnahme sperriger G\u00fcter bedarf einer gesonderten Vereinbarung.<\/p>\n\t\t\t\t\t\t<\/div>\n\t\t\t\t<\/div>\n\t\t\t\t<div class=\"elementor-element elementor-element-495db63 elementor-widget elementor-widget-heading\" data-id=\"495db63\" data-element_type=\"widget\" data-widget_type=\"heading.default\">\n\t\t\t\t<div class=\"elementor-widget-container\">\n\t\t\t<h4 class=\"elementor-heading-title elementor-size-default\">Zahlungsbestimmungen<\/h4>\t\t<\/div>\n\t\t\t\t<\/div>\n\t\t\t\t<div class=\"elementor-element elementor-element-e620171 elementor-widget elementor-widget-text-editor\" data-id=\"e620171\" data-element_type=\"widget\" data-widget_type=\"text-editor.default\">\n\t\t\t\t<div class=\"elementor-widget-container\">\n\t\t\t\t\t\t\t<p>Vereinbarungsgem\u00e4\u00df mit\u00a0<strong>Flughafen-taxi.wien<\/strong>\u00a0sind offene Betr\u00e4ge vom Fahrgast bzw. vom Kunden entweder sofort in Bar, per Kreditkarte beim Chauffeur zu bezahlen oder per Rechnung die von\u00a0<strong>Flughafen-taxi.wien<\/strong>\u00a0gestellt wird. Bei Zahlungen durch Kreditkarte wird eine zus\u00e4tzliche Geb\u00fchr von 10% des Fahrpreises verrechnet. F\u00fcr die Rechtzeitigkeit der Zahlung kommt es auf den Eingang des Betrages zur vorbehaltslosen Verf\u00fcgung von\u00a0<strong>Flughafen-taxi.wien<\/strong>\u00a0an. Bei Zahlung per Kreditkarte gilt die Forderung erst nach endg\u00fcltiger vollst\u00e4ndiger Gutschrift als bezahlt. Zahlungen werden stets zur Begleichung der \u00e4ltesten Forderung verwendet. Befindet sich der Kunde in Zahlungsverzug, berechnet\u00a0<strong>Flughafen-taxi.wien<\/strong>\u00a0\u2013 vorbehaltlich der Geltendmachung weiterer Verzugsschadens \u2013 Zinsen in H\u00f6he von 5 Prozentpunkten. F\u00fcr die zweite und jede weitere Mahnung werden \u20ac 10,- als Mahngeb\u00fchr berechnet. Dem Kunden bleibt es vorbehalten, einen geringeren Schaden nachzuweisen.<\/p>\n\t\t\t\t\t\t<\/div>\n\t\t\t\t<\/div>\n\t\t\t\t<div class=\"elementor-element elementor-element-1599a5c elementor-widget elementor-widget-heading\" data-id=\"1599a5c\" data-element_type=\"widget\" data-widget_type=\"heading.default\">\n\t\t\t\t<div class=\"elementor-widget-container\">\n\t\t\t<h4 class=\"elementor-heading-title elementor-size-default\">Stornierungen und R\u00fccktritt<\/h4>\t\t<\/div>\n\t\t\t\t<\/div>\n\t\t\t\t<div class=\"elementor-element elementor-element-a72ffb0 elementor-widget elementor-widget-text-editor\" data-id=\"a72ffb0\" data-element_type=\"widget\" data-widget_type=\"text-editor.default\">\n\t\t\t\t<div class=\"elementor-widget-container\">\n\t\t\t\t\t\t\t<p>Stornierungen werden nur wirksam, wenn diese schriftlich oder m\u00fcndlich per Telefon bei\u00a0<strong>Flughafen-taxi.wien<\/strong>\u00a0abgegeben werden. F\u00fcr die Rechtzeitigkeit schriftlicher Stornierungen kommt es auf den Zugang bei\u00a0<strong>Flughafen-taxi.wien<\/strong>\u00a0an. Stornierungen bis einschlie\u00dflich 24 Stunden vor dem vertraglich bestimmten Antritt der Fahr sind kostenfrei. Bei Stornierungen berechnet\u00a0<strong>Flughafen-taxi.wien<\/strong>\u00a0einen Anteil am Fahrtgrundpreis als Schadenersatz. Dieser Anteil betr\u00e4gt:<\/p>\n<ul>\n<li>30% bei Stornierungen bis 12 Stunden<\/li>\n<li>80 % bei Stornierungen bis 3 Stunden vor dem vertraglich vereinbarten Beginn der Leistungserf\u00fc80% bei Stornierungen bis 3 Stunden vor dem vertraglich vereinbarten Beginn der Leistungserf\u00fcllung<\/li>\n<li>100% bei sp\u00e4teren Stornierungen und bei Nichtantritt der Fahrt. Aufwendungen berechnet\u00a0<strong>Flughafen-taxi.wien<\/strong>\u00a0unabh\u00e4ngig von der Rechtzeitigkeit der Stornierungen, wenn diese bereits angefallen sind. Dem Kunden bleibt ausdr\u00fccklich der Nachweis gestattet, das\u00a0<strong>Flughafen-taxi.wien\u00a0<\/strong>gar kein oder ein niedrigerer Schaden entstanden ist.\u00a0<strong>Flughafen-taxi.wien<\/strong>beh\u00e4lt sich vor, vom Vertrag ganz oder teilweise zur\u00fcckzutreten, wenn der Kunde seine Zahlung einstellt, in Insolvenz ger\u00e4t oder aufgrund \u00e4u\u00dferer Umst\u00e4nde davon auszugehen ist, dass die Dienstleistungen missbr\u00e4uchlich in Anspruch genommen werden, oder der Kunde ihm nach diesen Vertragsbestimmungen obliegende Pflicht verletzt.<\/li>\n<\/ul>\n\t\t\t\t\t\t<\/div>\n\t\t\t\t<\/div>\n\t\t\t\t<div class=\"elementor-element elementor-element-f8b7da5 elementor-widget elementor-widget-heading\" data-id=\"f8b7da5\" data-element_type=\"widget\" data-widget_type=\"heading.default\">\n\t\t\t\t<div class=\"elementor-widget-container\">\n\t\t\t<h4 class=\"elementor-heading-title elementor-size-default\">Pflichten und Haftung des Kunden<\/h4>\t\t<\/div>\n\t\t\t\t<\/div>\n\t\t\t\t<div class=\"elementor-element elementor-element-1f76bf8 elementor-widget elementor-widget-text-editor\" data-id=\"1f76bf8\" data-element_type=\"widget\" data-widget_type=\"text-editor.default\">\n\t\t\t\t<div class=\"elementor-widget-container\">\n\t\t\t\t\t\t\t<p>Der Kunde teilt Flughafentaxi25 unverz\u00fcglich jede \u00c4nderung seines Namens, seiner (Rechnungs-) Anschrift, seiner Rechtsform und seiner Bankverbindung mit. Ebenso ist der Kunde dazu verpflichtet, die erforderlichen Angaben zu Fahrg\u00e4sten, Zeit und Ort Leistungserbringung zu machen. Unterl\u00e4sst der Kunde eine unverz\u00fcgliche Mitteilung, haftet er f\u00fcr Sch\u00e4den, die bei rechtzeitiger Mitteilung vermieden worden w\u00e4ren. Der Kunde verpflichtet sich, auch im Namen der Fahrg\u00e4ste, die Leistung von City Taxi nicht missbr\u00e4uchlich zu nutzen, insbesondere<\/p>\n<ul>\n<li>die Erf\u00fcllung der Dienstleistung nicht zu st\u00f6ren oder zu behindern<\/li>\n<li>keine Sch\u00e4den hervorzurufen<\/li>\n<li>nicht gegen strafrechtliche Vorschriften zu versto\u00dfen<\/li>\n<li>das Rauchverbot im Fahrzeug strikt einzuhalten<\/li>\n<li>die \u00dcbernahme des Fahrpreises nicht zu verweigern<\/li>\n<\/ul>\n\t\t\t\t\t\t<\/div>\n\t\t\t\t<\/div>\n\t\t\t\t<div class=\"elementor-element elementor-element-a8b2847 elementor-widget elementor-widget-heading\" data-id=\"a8b2847\" data-element_type=\"widget\" data-widget_type=\"heading.default\">\n\t\t\t\t<div class=\"elementor-widget-container\">\n\t\t\t<h4 class=\"elementor-heading-title elementor-size-default\">Haftung von Flughafen-taxi.wien<\/h4>\t\t<\/div>\n\t\t\t\t<\/div>\n\t\t\t\t<div class=\"elementor-element elementor-element-9be2c23 elementor-widget elementor-widget-text-editor\" data-id=\"9be2c23\" data-element_type=\"widget\" data-widget_type=\"text-editor.default\">\n\t\t\t\t<div class=\"elementor-widget-container\">\n\t\t\t\t\t\t\t<p><strong style=\"font-size: 16px;\">Flughafen-taxi.wien<\/strong>\u00a0haftet dem Kunden auf Schadenersatz \u2013 gleich aus welchem Rechtsgrund \u2013 nur bei Vorsatz oder grober Fahrl\u00e4ssigkeit sowie schuldhafter Verletzung wesentlicher Vertragspflichten von\u00a0<strong>Flughafen-taxi.wien<\/strong>, dessen gesetzlichen Vertretern oder Erf\u00fcllungsgehilfen. Die Haftung bei Verletzung von Leben, K\u00f6rper oder Gesundheit richtet sich nach den gesetzlichen Vorschriften. Bei Sachsch\u00e4den wird die Haftung von\u00a0<strong>Flughafen-taxi.wien\u00a0<\/strong>auf \u20ac 500,- pro Fahrgast begrenz. F\u00fcr die Fahrzeuge besteht eine Haftpflichtverletzung nach den jeweils geltenden allgemeinen Versicherungsbedingungen. F\u00fcr eventuelle Zusatzversicherungen hat der Kunde selbst Sorge zu tragen.\u00a0<strong>Flughafen-taxi.wien<\/strong>\u00a0haftet nicht f\u00fcr Terminvers\u00e4umnisse und deren wirtschaftlichen Folgen, soweit diese nicht von\u00a0<strong>Flughafen-taxi.wien<\/strong>\u00a0verschuldet wurden. Dazu z\u00e4hlen z.B. Versp\u00e4tungen\/ Verz\u00f6gerungen die verursacht wurden durch:<\/p>\n<ul>\n<li>Verkehrsstaus, Stra\u00dfensperren<\/li>\n<li>Fahrzeugpannen oder Verkehrsunf\u00e4lle<\/li>\n<li>Schlechte Witterung<\/li>\n<\/ul>\n<p>F\u00fcr Sch\u00e4den infolge fehlerhafter \u00dcbermittlungen von Daten durch den Kunden \u00fcbernimmt\u00a0<strong>Flughafen-taxi.wien<\/strong>\u00a0gegen\u00fcber dem Kunden oder Fahrgast keine Haftung.<\/p>\n\t\t\t\t\t\t<\/div>\n\t\t\t\t<\/div>\n\t\t\t\t<div class=\"elementor-element elementor-element-e3d2956 elementor-widget elementor-widget-heading\" data-id=\"e3d2956\" data-element_type=\"widget\" data-widget_type=\"heading.default\">\n\t\t\t\t<div class=\"elementor-widget-container\">\n\t\t\t<h4 class=\"elementor-heading-title elementor-size-default\">Anwendbares Recht und Gerichtsstand<\/h4>\t\t<\/div>\n\t\t\t\t<\/div>\n\t\t\t\t<div class=\"elementor-element elementor-element-00ea4f3 elementor-widget elementor-widget-text-editor\" data-id=\"00ea4f3\" data-element_type=\"widget\" data-widget_type=\"text-editor.default\">\n\t\t\t\t<div class=\"elementor-widget-container\">\n\t\t\t\t\t\t\t<p>F\u00fcr alle Rechtsbeziehungen zwischen\u00a0<strong>Flughafen-taxi.wien<\/strong>\u00a0und seinem Kunden gilt ausschlie\u00dflich \u00f6sterreichisches Recht. Der Gerichtsstand und Erf\u00fcllungsort ist Wien.<\/p>\n\t\t\t\t\t\t<\/div>\n\t\t\t\t<\/div>\n\t\t\t\t<div class=\"elementor-element elementor-element-631a655 elementor-widget elementor-widget-heading\" data-id=\"631a655\" data-element_type=\"widget\" data-widget_type=\"heading.default\">\n\t\t\t\t<div class=\"elementor-widget-container\">\n\t\t\t<h4 class=\"elementor-heading-title elementor-size-default\">Teilunwirksamkeit<\/h4>\t\t<\/div>\n\t\t\t\t<\/div>\n\t\t\t\t<div class=\"elementor-element elementor-element-4a7cb81 elementor-widget elementor-widget-text-editor\" data-id=\"4a7cb81\" data-element_type=\"widget\" data-widget_type=\"text-editor.default\">\n\t\t\t\t<div class=\"elementor-widget-container\">\n\t\t\t\t\t\t\t<p>Sollte eine oder mehrere der vorstehenden Bedingungen unwirksam sein, bleiben die \u00fcbrigen Bedingungen von der Unwirksamkeit unber\u00fchrt. Anstelle unwirksamer Klauseln treten die gesetzlichen Vorschriften ein.<\/p>\n\t\t\t\t\t\t<\/div>\n\t\t\t\t<\/div>\n\t\t\t\t\t<\/div>\n\t\t<\/div>\n\t\t\t\t\t<\/div>\n\t\t<\/section>\n\t\t\t\t<\/div>\n\t\t\n    <div class=\"xs_social_share_widget xs_share_url after_content \t\tmain_content  wslu-style-1 wslu-share-box-shaped wslu-fill-colored wslu-none wslu-share-horizontal wslu-theme-font-no wslu-main_content\">\n\n\t\t\n        <ul>\n\t\t\t        <\/ul>\n    <\/div> \n","protected":false},"excerpt":{"rendered":"<p>Impressum Impressum Personenbef\u00f6rderung mit PKW \u2013 TaxiEngerthstra\u00dfe 991200-Wien E-Mail:\u00a0 bestellung@airport-taxi-wien.wien Tel.:+43667 449 31 10 Allgemeine Gesch\u00e4ftsbedingungen Flughafen-taxi.wien erbringt Dienstleistungen aufgrund der nachfolgenden AGB, der Leistungsbeschreibungen und der Preislisten. Abweichende Gesch\u00e4ftsbedingungen gelten nicht, auch wenn Flughafen-taxi.wien Ihnen nicht ausdr\u00fccklich widerspricht. Abweichungen von diesen Bedingungen bed\u00fcrfen der ausdr\u00fccklichen schriftlichen Anerkennung von Flughafen-taxi.wien. Ein Vertrag kommt nur zustande, [&hellip;]<\/p>\n","protected":false},"author":6,"featured_media":0,"parent":0,"menu_order":0,"comment_status":"closed","ping_status":"closed","template":"","meta":{"postBodyCss":"","postBodyMargin":[],"postBodyPadding":[],"postBodyBackground":{"backgroundType":"classic","gradient":""},"footnotes":""},"class_list":["post-1144","page","type-page","status-publish","hentry","entry"],"aioseo_notices":[],"_links":{"self":[{"href":"https:\/\/www.flughafen-taxi.wien\/en\/wp-json\/wp\/v2\/pages\/1144","targetHints":{"allow":["GET"]}}],"collection":[{"href":"https:\/\/www.flughafen-taxi.wien\/en\/wp-json\/wp\/v2\/pages"}],"about":[{"href":"https:\/\/www.flughafen-taxi.wien\/en\/wp-json\/wp\/v2\/types\/page"}],"author":[{"embeddable":true,"href":"https:\/\/www.flughafen-taxi.wien\/en\/wp-json\/wp\/v2\/users\/6"}],"replies":[{"embeddable":true,"href":"https:\/\/www.flughafen-taxi.wien\/en\/wp-json\/wp\/v2\/comments?post=1144"}],"version-history":[{"count":4,"href":"https:\/\/www.flughafen-taxi.wien\/en\/wp-json\/wp\/v2\/pages\/1144\/revisions"}],"predecessor-version":[{"id":1417,"href":"https:\/\/www.flughafen-taxi.wien\/en\/wp-json\/wp\/v2\/pages\/1144\/revisions\/1417"}],"wp:attachment":[{"href":"https:\/\/www.flughafen-taxi.wien\/en\/wp-json\/wp\/v2\/media?parent=1144"}],"curies":[{"name":"wp","href":"https:\/\/api.w.org\/{rel}","templated":true}]}}